{"id":550,"date":"2021-03-01T01:02:52","date_gmt":"2021-03-01T00:02:52","guid":{"rendered":"https:\/\/ch.smokergel.com\/?post_type=product&#038;p=550"},"modified":"2021-03-23T20:32:17","modified_gmt":"2021-03-23T19:32:17","slug":"pocket","status":"publish","type":"product","link":"https:\/\/ch.smokergel.com\/en_us\/meilleurs-cendriers\/pocket\/","title":{"rendered":"Pocket"},"content":{"rendered":"<p><strong>The Pocket with its secure Zip Lock<\/strong><\/p>\n<p>Composition:\u00a0 PE\/PET<\/p>\n<p>Size: Max 100ml (3,3oz)<\/p>\n<div class='et-box et-download'>\n\t\t\t\t\t<div class='et-box-content'><strong> Inclus : 1 sachet soluble de polym\u00e8re (il se d\u00e9sagr\u00e8ge en 1 minute)<\/strong><\/p>\n<p>Composition: SAP Super Absorbent Polymer<\/p>\n<p>CAS 9003-04-7 EC 618-349-8ci<\/p>\n<p>Type: soluble bag (PVA) Perfume: Bubble gum<\/p>\n<p>Microdose dye: Blue\/Natural (non-staining)<\/div><\/div>","protected":false},"excerpt":{"rendered":"<p>Le cendrier jetable de poche, parfait pour la moto, la plage, la rando, le ski ou le v\u00e9lo.<\/p>","protected":false},"featured_media":365,"comment_status":"open","ping_status":"closed","template":"","meta":{"_et_pb_use_builder":"","_et_pb_old_content":"","_et_gb_content_width":""},"product_cat":[30],"product_tag":[],"yoast_head":"<!-- This site is optimized with the Yoast SEO plugin v20.6 - https:\/\/yoast.com\/wordpress\/plugins\/seo\/ -->\n<title>Pocket - Smoker Gel<\/title>\n<meta name=\"robots\" content=\"index, follow, max-snippet:-1, max-image-preview:large, max-video-preview:-1\" \/>\n<link rel=\"canonical\" href=\"https:\/\/ch.smokergel.com\/en_us\/meilleurs-cendriers\/pocket\/\" \/>\n<meta property=\"og:locale\" content=\"en_US\" \/>\n<meta property=\"og:type\" content=\"article\" \/>\n<meta property=\"og:title\" content=\"Pocket - Smoker Gel\" \/>\n<meta property=\"og:description\" content=\"Le cendrier jetable de poche, parfait pour la moto, la plage, la rando, le ski ou le v\u00e9lo.\" \/>\n<meta property=\"og:url\" content=\"https:\/\/ch.smokergel.com\/en_us\/meilleurs-cendriers\/pocket\/\" \/>\n<meta property=\"og:site_name\" content=\"Smoker Gel\" \/>\n<meta property=\"article:modified_time\" content=\"2021-03-23T19:32:17+00:00\" \/>\n<meta property=\"og:image\" content=\"https:\/\/ch.smokergel.com\/wp-content\/uploads\/2021\/02\/cendrier-de-poche-sans-odeur.jpg\" \/>\n\t<meta property=\"og:image:width\" content=\"1024\" \/>\n\t<meta property=\"og:image:height\" content=\"683\" \/>\n\t<meta property=\"og:image:type\" content=\"image\/jpeg\" \/>\n<meta name=\"twitter:card\" content=\"summary_large_image\" \/>\n<script type=\"application\/ld+json\" class=\"yoast-schema-graph\">{\"@context\":\"https:\/\/schema.org\",\"@graph\":[{\"@type\":\"WebPage\",\"@id\":\"https:\/\/ch.smokergel.com\/meilleurs-cendriers\/pocket\/\",\"url\":\"https:\/\/ch.smokergel.com\/meilleurs-cendriers\/pocket\/\",\"name\":\"Pocket - Smoker Gel\",\"isPartOf\":{\"@id\":\"https:\/\/ch.smokergel.com\/#website\"},\"datePublished\":\"2021-03-01T00:02:52+00:00\",\"dateModified\":\"2021-03-23T19:32:17+00:00\",\"breadcrumb\":{\"@id\":\"https:\/\/ch.smokergel.com\/meilleurs-cendriers\/pocket\/#breadcrumb\"},\"inLanguage\":\"en-US\",\"potentialAction\":[{\"@type\":\"ReadAction\",\"target\":[\"https:\/\/ch.smokergel.com\/meilleurs-cendriers\/pocket\/\"]}]},{\"@type\":\"BreadcrumbList\",\"@id\":\"https:\/\/ch.smokergel.com\/meilleurs-cendriers\/pocket\/#breadcrumb\",\"itemListElement\":[{\"@type\":\"ListItem\",\"position\":1,\"name\":\"Accueil\",\"item\":\"https:\/\/ch.smokergel.com\/fr_fr\/\"},{\"@type\":\"ListItem\",\"position\":2,\"name\":\"Mon cendrier sans odeur pour fumeur responsable &#8211; La solution z\u00e9ro m\u00e9got\",\"item\":\"https:\/\/ch.smokergel.com\/fr_fr\/\"},{\"@type\":\"ListItem\",\"position\":3,\"name\":\"Pocket\"}]},{\"@type\":\"WebSite\",\"@id\":\"https:\/\/ch.smokergel.com\/#website\",\"url\":\"https:\/\/ch.smokergel.com\/\",\"name\":\"Smoker Gel\",\"description\":\"Mon cendrier jetable pour fumeur responsable\",\"publisher\":{\"@id\":\"https:\/\/ch.smokergel.com\/#organization\"},\"potentialAction\":[{\"@type\":\"SearchAction\",\"target\":{\"@type\":\"EntryPoint\",\"urlTemplate\":\"https:\/\/ch.smokergel.com\/?s={search_term_string}\"},\"query-input\":\"required name=search_term_string\"}],\"inLanguage\":\"en-US\"},{\"@type\":\"Organization\",\"@id\":\"https:\/\/ch.smokergel.com\/#organization\",\"name\":\"Smoker Gel\",\"url\":\"https:\/\/ch.smokergel.com\/\",\"logo\":{\"@type\":\"ImageObject\",\"inLanguage\":\"en-US\",\"@id\":\"https:\/\/ch.smokergel.com\/#\/schema\/logo\/image\/\",\"url\":\"https:\/\/ch.smokergel.com\/wp-content\/uploads\/2021\/02\/logo_smoker_gel.png\",\"contentUrl\":\"https:\/\/ch.smokergel.com\/wp-content\/uploads\/2021\/02\/logo_smoker_gel.png\",\"width\":600,\"height\":261,\"caption\":\"Smoker Gel\"},\"image\":{\"@id\":\"https:\/\/ch.smokergel.com\/#\/schema\/logo\/image\/\"}}]}<\/script>\n<!-- \/ Yoast SEO plugin. -->","yoast_head_json":{"title":"Pocket - Smoker Gel","robots":{"index":"index","follow":"follow","max-snippet":"max-snippet:-1","max-image-preview":"max-image-preview:large","max-video-preview":"max-video-preview:-1"},"canonical":"https:\/\/ch.smokergel.com\/en_us\/meilleurs-cendriers\/pocket\/","og_locale":"en_US","og_type":"article","og_title":"Pocket - Smoker Gel","og_description":"Le cendrier jetable de poche, parfait pour la moto, la plage, la rando, le ski ou le v\u00e9lo.","og_url":"https:\/\/ch.smokergel.com\/en_us\/meilleurs-cendriers\/pocket\/","og_site_name":"Smoker Gel","article_modified_time":"2021-03-23T19:32:17+00:00","og_image":[{"width":1024,"height":683,"url":"https:\/\/ch.smokergel.com\/wp-content\/uploads\/2021\/02\/cendrier-de-poche-sans-odeur.jpg","type":"image\/jpeg"}],"twitter_card":"summary_large_image","schema":{"@context":"https:\/\/schema.org","@graph":[{"@type":"WebPage","@id":"https:\/\/ch.smokergel.com\/meilleurs-cendriers\/pocket\/","url":"https:\/\/ch.smokergel.com\/meilleurs-cendriers\/pocket\/","name":"Pocket - Smoker Gel","isPartOf":{"@id":"https:\/\/ch.smokergel.com\/#website"},"datePublished":"2021-03-01T00:02:52+00:00","dateModified":"2021-03-23T19:32:17+00:00","breadcrumb":{"@id":"https:\/\/ch.smokergel.com\/meilleurs-cendriers\/pocket\/#breadcrumb"},"inLanguage":"en-US","potentialAction":[{"@type":"ReadAction","target":["https:\/\/ch.smokergel.com\/meilleurs-cendriers\/pocket\/"]}]},{"@type":"BreadcrumbList","@id":"https:\/\/ch.smokergel.com\/meilleurs-cendriers\/pocket\/#breadcrumb","itemListElement":[{"@type":"ListItem","position":1,"name":"Accueil","item":"https:\/\/ch.smokergel.com\/fr_fr\/"},{"@type":"ListItem","position":2,"name":"Mon cendrier sans odeur pour fumeur responsable &#8211; La solution z\u00e9ro m\u00e9got","item":"https:\/\/ch.smokergel.com\/fr_fr\/"},{"@type":"ListItem","position":3,"name":"Pocket"}]},{"@type":"WebSite","@id":"https:\/\/ch.smokergel.com\/#website","url":"https:\/\/ch.smokergel.com\/","name":"Smoker Gel","description":"Mon cendrier jetable pour fumeur responsable","publisher":{"@id":"https:\/\/ch.smokergel.com\/#organization"},"potentialAction":[{"@type":"SearchAction","target":{"@type":"EntryPoint","urlTemplate":"https:\/\/ch.smokergel.com\/?s={search_term_string}"},"query-input":"required name=search_term_string"}],"inLanguage":"en-US"},{"@type":"Organization","@id":"https:\/\/ch.smokergel.com\/#organization","name":"Smoker Gel","url":"https:\/\/ch.smokergel.com\/","logo":{"@type":"ImageObject","inLanguage":"en-US","@id":"https:\/\/ch.smokergel.com\/#\/schema\/logo\/image\/","url":"https:\/\/ch.smokergel.com\/wp-content\/uploads\/2021\/02\/logo_smoker_gel.png","contentUrl":"https:\/\/ch.smokergel.com\/wp-content\/uploads\/2021\/02\/logo_smoker_gel.png","width":600,"height":261,"caption":"Smoker Gel"},"image":{"@id":"https:\/\/ch.smokergel.com\/#\/schema\/logo\/image\/"}}]}},"_links":{"self":[{"href":"https:\/\/ch.smokergel.com\/en_us\/wp-json\/wp\/v3\/product\/550"}],"collection":[{"href":"https:\/\/ch.smokergel.com\/en_us\/wp-json\/wp\/v3\/product"}],"about":[{"href":"https:\/\/ch.smokergel.com\/en_us\/wp-json\/wp\/v2\/types\/product"}],"replies":[{"embeddable":true,"href":"https:\/\/ch.smokergel.com\/en_us\/wp-json\/wp\/v2\/comments?post=550"}],"wp:featuredmedia":[{"embeddable":true,"href":"https:\/\/ch.smokergel.com\/en_us\/wp-json\/wp\/v2\/media\/365"}],"wp:attachment":[{"href":"https:\/\/ch.smokergel.com\/en_us\/wp-json\/wp\/v2\/media?parent=550"}],"wp:term":[{"taxonomy":"product_cat","embeddable":true,"href":"https:\/\/ch.smokergel.com\/en_us\/wp-json\/wp\/v2\/product_cat?post=550"},{"taxonomy":"product_tag","embeddable":true,"href":"https:\/\/ch.smokergel.com\/en_us\/wp-json\/wp\/v2\/product_tag?post=550"}],"curies":[{"name":"wp","href":"https:\/\/api.w.org\/{rel}","templated":true}]}}