{"id":1529,"date":"2021-07-02T11:54:02","date_gmt":"2021-07-02T09:54:02","guid":{"rendered":"https:\/\/ch.smokergel.com\/?page_id=1529"},"modified":"2021-07-02T13:19:01","modified_gmt":"2021-07-02T11:19:01","slug":"mentions-legales","status":"publish","type":"page","link":"https:\/\/ch.smokergel.com\/en_us\/mentions-legales\/","title":{"rendered":"Legal Notice"},"content":{"rendered":"<p>[et_pb_section fb_built=\u00a0\u00bb1&Prime; _builder_version=\u00a0\u00bb4.9.1&Prime; _module_preset=\u00a0\u00bbdefault\u00a0\u00bb da_disable_devices=\u00a0\u00bboff|off|off\u00a0\u00bb da_is_popup=\u00a0\u00bboff\u00a0\u00bb da_exit_intent=\u00a0\u00bboff\u00a0\u00bb da_has_close=\u00a0\u00bbon\u00a0\u00bb da_alt_close=\u00a0\u00bboff\u00a0\u00bb da_dark_close=\u00a0\u00bboff\u00a0\u00bb da_not_modal=\u00a0\u00bbon\u00a0\u00bb da_is_singular=\u00a0\u00bboff\u00a0\u00bb da_with_loader=\u00a0\u00bboff\u00a0\u00bb da_has_shadow=\u00a0\u00bbon\u00a0\u00bb][et_pb_row _builder_version=\u00a0\u00bb4.9.1&Prime; _module_preset=\u00a0\u00bbdefault\u00a0\u00bb][et_pb_column type=\u00a0\u00bb4_4&Prime; _builder_version=\u00a0\u00bb4.9.1&Prime; _module_preset=\u00a0\u00bbdefault\u00a0\u00bb][et_pb_text _builder_version=\u00a0\u00bb4.9.1&Prime; _module_preset=\u00a0\u00bbdefault\u00a0\u00bb hover_enabled=\u00a0\u00bb0&Prime; sticky_enabled=\u00a0\u00bb0&Prime;]<\/p>\n<h1 class=\"entry-title main_title\">Legal Notice<\/h1>\n<div class=\"entry-content\">\n<div id=\"cmplz-document\" class=\"cmplz-document cmplz-terms-conditions\">\n<p><i>Pour la confiance en l\u2019\u00e9conomie num\u00e9rique, il est pr\u00e9cis\u00e9 aux utilisateurs du site <a href=\"https:\/\/www.smokergel.com\/\">smokergel.com<\/a>\u00a0l\u2019identit\u00e9 des diff\u00e9rents intervenants dans le cadre de sa r\u00e9alisation et de son suivi.<\/i><\/p>\n<p><i><\/i><\/p>\n<h2>1. Edition du site<\/h2>\n<p>Le site\u00a0<a href=\"https:\/\/www.smokergel.com\/\"><\/a><a href=\"https:\/\/www.legalplace.fr\/\">smokergel.com<\/a> est \u00e9dit\u00e9 par la soci\u00e9t\u00e9 Firewater Dreams FWD Sarl CHE-112.026.142<\/p>\n<h2><\/h2>\n<h2>2. Responsable de publication<\/h2>\n<p>Patrick Nussbaumer<\/p>\n<h2><\/h2>\n<h2>3. H\u00e9bergeur<\/h2>\n<p>Le site\u00a0<a href=\"https:\/\/www.legalplace.fr\/\"><\/a><a href=\"https:\/\/www.legalplace.fr\/\">smokergel.com<\/a>\u00a0est\u00a0h\u00e9berg\u00e9 par la soci\u00e9t\u00e9 Infomaniak Network SA<br \/>Adresse: Rue Eug\u00e8ne-Marziano 25, 1227 Gen\u00e8ve &#8211; Suisse<\/p>\n<p>Le stockage des donn\u00e9es personnelles des Utilisateurs est exclusivement r\u00e9alis\u00e9 sur les centres de donn\u00e9es d&rsquo;Infomaniak, localis\u00e9s en Suisse.<\/p>\n<h2><\/h2>\n<h2>4. Nous contacter<\/h2>\n<p>Par email :<span>\u00a0<\/span><a href=\"mailto:info@smokergel.com\" class=\"mail-link\" data-wpel-link=\"ignore\"><span class=\"eeb eeb-rtl\"><span class=\"eeb-sd\">moc.l<\/span><span class=\"eeb-sd\">egrek<\/span><span class=\"eeb-sd\">oms@o<\/span><span class=\"eeb-sd\">fni<\/span><\/span><\/a><i class=\"eeb-encoded dashicons-before dashicons-lock\" title=\"E-mail correctement encod\u00e9\u00a0!\"><\/i><\/p>\n<h2><\/h2>\n<h2>5. Politique de donn\u00e9es<\/h2>\n<p>La soci\u00e9t\u00e9 Firewater Dreams conservera dans ses syst\u00e8mes informatiques et dans des conditions raisonnables de s\u00e9curit\u00e9 une preuve de la transaction comprenant le bon de commande et la facture. L\u2019Utilisateur dispose d\u2019un droit d\u2019acc\u00e8s, de modification et de suppression des informations collect\u00e9es par Firewater Dreams. Pour exercer ce droit, il reviendra \u00e0 l\u2019Utilisateur d\u2019envoyer un message \u00e0 l\u2019adresse suivante : <a href=\"mailto:info@smokergel.com\">info@smokergel.com<\/a><\/p>\n<p>&nbsp;<\/p>\n<\/div>\n<\/div>\n<p>[\/et_pb_text][\/et_pb_column][\/et_pb_row][\/et_pb_section]<\/p>","protected":false},"excerpt":{"rendered":"<p>[et_pb_section fb_built=\u00a0\u00bb1&Prime; _builder_version=\u00a0\u00bb4.9.1&Prime; _module_preset=\u00a0\u00bbdefault\u00a0\u00bb da_disable_devices=\u00a0\u00bboff|off|off\u00a0\u00bb da_is_popup=\u00a0\u00bboff\u00a0\u00bb da_exit_intent=\u00a0\u00bboff\u00a0\u00bb da_has_close=\u00a0\u00bbon\u00a0\u00bb da_alt_close=\u00a0\u00bboff\u00a0\u00bb da_dark_close=\u00a0\u00bboff\u00a0\u00bb da_not_modal=\u00a0\u00bbon\u00a0\u00bb da_is_singular=\u00a0\u00bboff\u00a0\u00bb da_with_loader=\u00a0\u00bboff\u00a0\u00bb da_has_shadow=\u00a0\u00bbon\u00a0\u00bb][et_pb_row _builder_version=\u00a0\u00bb4.9.1&Prime; _module_preset=\u00a0\u00bbdefault\u00a0\u00bb][et_pb_column type=\u00a0\u00bb4_4&Prime; _builder_version=\u00a0\u00bb4.9.1&Prime; _module_preset=\u00a0\u00bbdefault\u00a0\u00bb][et_pb_text _builder_version=\u00a0\u00bb4.9.1&Prime; _module_preset=\u00a0\u00bbdefault\u00a0\u00bb hover_enabled=\u00a0\u00bb0&Prime; sticky_enabled=\u00a0\u00bb0&Prime;] Mentions l\u00e9gales Pour la confiance en l\u2019\u00e9conomie num\u00e9rique, il est pr\u00e9cis\u00e9 aux utilisateurs du site smokergel.com\u00a0l\u2019identit\u00e9 des diff\u00e9rents intervenants dans le cadre de sa r\u00e9alisation et de son suivi. 1. Edition du [&hellip;]<\/p>","protected":false},"author":2,"featured_media":0,"parent":0,"menu_order":0,"comment_status":"closed","ping_status":"closed","template":"","meta":{"_et_pb_use_builder":"on","_et_pb_old_content":"","_et_gb_content_width":""},"yoast_head":"<!-- This site is optimized with the Yoast SEO plugin v20.6 - https:\/\/yoast.com\/wordpress\/plugins\/seo\/ -->\n<title>Mentions l\u00e9gales - Smoker Gel<\/title>\n<meta name=\"robots\" content=\"index, follow, max-snippet:-1, max-image-preview:large, max-video-preview:-1\" \/>\n<link rel=\"canonical\" href=\"https:\/\/ch.smokergel.com\/en_us\/mentions-legales\/\" \/>\n<meta property=\"og:locale\" content=\"en_US\" \/>\n<meta property=\"og:type\" content=\"article\" \/>\n<meta property=\"og:title\" content=\"Mentions l\u00e9gales - Smoker Gel\" \/>\n<meta property=\"og:description\" content=\"[et_pb_section fb_built=\u00a0\u00bb1&Prime; _builder_version=\u00a0\u00bb4.9.1&Prime; _module_preset=\u00a0\u00bbdefault\u00a0\u00bb da_disable_devices=\u00a0\u00bboff|off|off\u00a0\u00bb da_is_popup=\u00a0\u00bboff\u00a0\u00bb da_exit_intent=\u00a0\u00bboff\u00a0\u00bb da_has_close=\u00a0\u00bbon\u00a0\u00bb da_alt_close=\u00a0\u00bboff\u00a0\u00bb da_dark_close=\u00a0\u00bboff\u00a0\u00bb da_not_modal=\u00a0\u00bbon\u00a0\u00bb da_is_singular=\u00a0\u00bboff\u00a0\u00bb da_with_loader=\u00a0\u00bboff\u00a0\u00bb da_has_shadow=\u00a0\u00bbon\u00a0\u00bb][et_pb_row _builder_version=\u00a0\u00bb4.9.1&Prime; _module_preset=\u00a0\u00bbdefault\u00a0\u00bb][et_pb_column type=\u00a0\u00bb4_4&Prime; _builder_version=\u00a0\u00bb4.9.1&Prime; _module_preset=\u00a0\u00bbdefault\u00a0\u00bb][et_pb_text _builder_version=\u00a0\u00bb4.9.1&Prime; _module_preset=\u00a0\u00bbdefault\u00a0\u00bb hover_enabled=\u00a0\u00bb0&Prime; sticky_enabled=\u00a0\u00bb0&Prime;] Mentions l\u00e9gales Pour la confiance en l\u2019\u00e9conomie num\u00e9rique, il est pr\u00e9cis\u00e9 aux utilisateurs du site smokergel.com\u00a0l\u2019identit\u00e9 des diff\u00e9rents intervenants dans le cadre de sa r\u00e9alisation et de son suivi. 1. Edition du [&hellip;]\" \/>\n<meta property=\"og:url\" content=\"https:\/\/ch.smokergel.com\/en_us\/mentions-legales\/\" \/>\n<meta property=\"og:site_name\" content=\"Smoker Gel\" \/>\n<meta property=\"article:modified_time\" content=\"2021-07-02T11:19:01+00:00\" \/>\n<meta name=\"twitter:card\" content=\"summary_large_image\" \/>\n<script type=\"application\/ld+json\" class=\"yoast-schema-graph\">{\"@context\":\"https:\/\/schema.org\",\"@graph\":[{\"@type\":\"WebPage\",\"@id\":\"https:\/\/ch.smokergel.com\/mentions-legales\/\",\"url\":\"https:\/\/ch.smokergel.com\/mentions-legales\/\",\"name\":\"Mentions l\u00e9gales - Smoker Gel\",\"isPartOf\":{\"@id\":\"https:\/\/ch.smokergel.com\/#website\"},\"datePublished\":\"2021-07-02T09:54:02+00:00\",\"dateModified\":\"2021-07-02T11:19:01+00:00\",\"breadcrumb\":{\"@id\":\"https:\/\/ch.smokergel.com\/mentions-legales\/#breadcrumb\"},\"inLanguage\":\"en-US\",\"potentialAction\":[{\"@type\":\"ReadAction\",\"target\":[\"https:\/\/ch.smokergel.com\/mentions-legales\/\"]}]},{\"@type\":\"BreadcrumbList\",\"@id\":\"https:\/\/ch.smokergel.com\/mentions-legales\/#breadcrumb\",\"itemListElement\":[{\"@type\":\"ListItem\",\"position\":1,\"name\":\"Accueil\",\"item\":\"https:\/\/ch.smokergel.com\/fr_fr\/\"},{\"@type\":\"ListItem\",\"position\":2,\"name\":\"Mentions l\u00e9gales\"}]},{\"@type\":\"WebSite\",\"@id\":\"https:\/\/ch.smokergel.com\/#website\",\"url\":\"https:\/\/ch.smokergel.com\/\",\"name\":\"Smoker Gel\",\"description\":\"Mon cendrier jetable pour fumeur responsable\",\"publisher\":{\"@id\":\"https:\/\/ch.smokergel.com\/#organization\"},\"potentialAction\":[{\"@type\":\"SearchAction\",\"target\":{\"@type\":\"EntryPoint\",\"urlTemplate\":\"https:\/\/ch.smokergel.com\/?s={search_term_string}\"},\"query-input\":\"required name=search_term_string\"}],\"inLanguage\":\"en-US\"},{\"@type\":\"Organization\",\"@id\":\"https:\/\/ch.smokergel.com\/#organization\",\"name\":\"Smoker Gel\",\"url\":\"https:\/\/ch.smokergel.com\/\",\"logo\":{\"@type\":\"ImageObject\",\"inLanguage\":\"en-US\",\"@id\":\"https:\/\/ch.smokergel.com\/#\/schema\/logo\/image\/\",\"url\":\"https:\/\/ch.smokergel.com\/wp-content\/uploads\/2021\/02\/logo_smoker_gel.png\",\"contentUrl\":\"https:\/\/ch.smokergel.com\/wp-content\/uploads\/2021\/02\/logo_smoker_gel.png\",\"width\":600,\"height\":261,\"caption\":\"Smoker Gel\"},\"image\":{\"@id\":\"https:\/\/ch.smokergel.com\/#\/schema\/logo\/image\/\"}}]}<\/script>\n<!-- \/ Yoast SEO plugin. -->","yoast_head_json":{"title":"Mentions l\u00e9gales - Smoker Gel","robots":{"index":"index","follow":"follow","max-snippet":"max-snippet:-1","max-image-preview":"max-image-preview:large","max-video-preview":"max-video-preview:-1"},"canonical":"https:\/\/ch.smokergel.com\/en_us\/mentions-legales\/","og_locale":"en_US","og_type":"article","og_title":"Mentions l\u00e9gales - Smoker Gel","og_description":"[et_pb_section fb_built=\u00a0\u00bb1&Prime; _builder_version=\u00a0\u00bb4.9.1&Prime; _module_preset=\u00a0\u00bbdefault\u00a0\u00bb da_disable_devices=\u00a0\u00bboff|off|off\u00a0\u00bb da_is_popup=\u00a0\u00bboff\u00a0\u00bb da_exit_intent=\u00a0\u00bboff\u00a0\u00bb da_has_close=\u00a0\u00bbon\u00a0\u00bb da_alt_close=\u00a0\u00bboff\u00a0\u00bb da_dark_close=\u00a0\u00bboff\u00a0\u00bb da_not_modal=\u00a0\u00bbon\u00a0\u00bb da_is_singular=\u00a0\u00bboff\u00a0\u00bb da_with_loader=\u00a0\u00bboff\u00a0\u00bb da_has_shadow=\u00a0\u00bbon\u00a0\u00bb][et_pb_row _builder_version=\u00a0\u00bb4.9.1&Prime; _module_preset=\u00a0\u00bbdefault\u00a0\u00bb][et_pb_column type=\u00a0\u00bb4_4&Prime; _builder_version=\u00a0\u00bb4.9.1&Prime; _module_preset=\u00a0\u00bbdefault\u00a0\u00bb][et_pb_text _builder_version=\u00a0\u00bb4.9.1&Prime; _module_preset=\u00a0\u00bbdefault\u00a0\u00bb hover_enabled=\u00a0\u00bb0&Prime; sticky_enabled=\u00a0\u00bb0&Prime;] Mentions l\u00e9gales Pour la confiance en l\u2019\u00e9conomie num\u00e9rique, il est pr\u00e9cis\u00e9 aux utilisateurs du site smokergel.com\u00a0l\u2019identit\u00e9 des diff\u00e9rents intervenants dans le cadre de sa r\u00e9alisation et de son suivi. 1. Edition du [&hellip;]","og_url":"https:\/\/ch.smokergel.com\/en_us\/mentions-legales\/","og_site_name":"Smoker Gel","article_modified_time":"2021-07-02T11:19:01+00:00","twitter_card":"summary_large_image","schema":{"@context":"https:\/\/schema.org","@graph":[{"@type":"WebPage","@id":"https:\/\/ch.smokergel.com\/mentions-legales\/","url":"https:\/\/ch.smokergel.com\/mentions-legales\/","name":"Mentions l\u00e9gales - Smoker Gel","isPartOf":{"@id":"https:\/\/ch.smokergel.com\/#website"},"datePublished":"2021-07-02T09:54:02+00:00","dateModified":"2021-07-02T11:19:01+00:00","breadcrumb":{"@id":"https:\/\/ch.smokergel.com\/mentions-legales\/#breadcrumb"},"inLanguage":"en-US","potentialAction":[{"@type":"ReadAction","target":["https:\/\/ch.smokergel.com\/mentions-legales\/"]}]},{"@type":"BreadcrumbList","@id":"https:\/\/ch.smokergel.com\/mentions-legales\/#breadcrumb","itemListElement":[{"@type":"ListItem","position":1,"name":"Accueil","item":"https:\/\/ch.smokergel.com\/fr_fr\/"},{"@type":"ListItem","position":2,"name":"Mentions l\u00e9gales"}]},{"@type":"WebSite","@id":"https:\/\/ch.smokergel.com\/#website","url":"https:\/\/ch.smokergel.com\/","name":"Smoker Gel","description":"Mon cendrier jetable pour fumeur responsable","publisher":{"@id":"https:\/\/ch.smokergel.com\/#organization"},"potentialAction":[{"@type":"SearchAction","target":{"@type":"EntryPoint","urlTemplate":"https:\/\/ch.smokergel.com\/?s={search_term_string}"},"query-input":"required name=search_term_string"}],"inLanguage":"en-US"},{"@type":"Organization","@id":"https:\/\/ch.smokergel.com\/#organization","name":"Smoker Gel","url":"https:\/\/ch.smokergel.com\/","logo":{"@type":"ImageObject","inLanguage":"en-US","@id":"https:\/\/ch.smokergel.com\/#\/schema\/logo\/image\/","url":"https:\/\/ch.smokergel.com\/wp-content\/uploads\/2021\/02\/logo_smoker_gel.png","contentUrl":"https:\/\/ch.smokergel.com\/wp-content\/uploads\/2021\/02\/logo_smoker_gel.png","width":600,"height":261,"caption":"Smoker Gel"},"image":{"@id":"https:\/\/ch.smokergel.com\/#\/schema\/logo\/image\/"}}]}},"_links":{"self":[{"href":"https:\/\/ch.smokergel.com\/en_us\/wp-json\/wp\/v2\/pages\/1529"}],"collection":[{"href":"https:\/\/ch.smokergel.com\/en_us\/wp-json\/wp\/v2\/pages"}],"about":[{"href":"https:\/\/ch.smokergel.com\/en_us\/wp-json\/wp\/v2\/types\/page"}],"author":[{"embeddable":true,"href":"https:\/\/ch.smokergel.com\/en_us\/wp-json\/wp\/v2\/users\/2"}],"replies":[{"embeddable":true,"href":"https:\/\/ch.smokergel.com\/en_us\/wp-json\/wp\/v2\/comments?post=1529"}],"version-history":[{"count":3,"href":"https:\/\/ch.smokergel.com\/en_us\/wp-json\/wp\/v2\/pages\/1529\/revisions"}],"predecessor-version":[{"id":1536,"href":"https:\/\/ch.smokergel.com\/en_us\/wp-json\/wp\/v2\/pages\/1529\/revisions\/1536"}],"wp:attachment":[{"href":"https:\/\/ch.smokergel.com\/en_us\/wp-json\/wp\/v2\/media?parent=1529"}],"curies":[{"name":"wp","href":"https:\/\/api.w.org\/{rel}","templated":true}]}}